{"id":2192,"date":"2026-02-17T09:43:44","date_gmt":"2026-02-17T09:43:44","guid":{"rendered":"https:\/\/operify.pro\/?page_id=2192"},"modified":"2026-02-17T11:34:09","modified_gmt":"2026-02-17T11:34:09","slug":"digitalization","status":"publish","type":"page","link":"https:\/\/operify.pro\/en\/digitalization\/","title":{"rendered":"Digitalization"},"content":{"rendered":"","protected":false},"excerpt":{"rendered":"","protected":false},"author":1,"featured_media":0,"parent":0,"menu_order":0,"comment_status":"closed","ping_status":"closed","template":"digitalization","meta":{"footnotes":""},"class_list":["post-2192","page","type-page","status-publish","hentry"],"yoast_head":"<!-- This site is optimized with the Yoast SEO plugin v27.1.1 - https:\/\/yoast.com\/product\/yoast-seo-wordpress\/ -->\n<title>Digitalization - Operify<\/title>\n<meta name=\"robots\" content=\"index, follow, max-snippet:-1, max-image-preview:large, max-video-preview:-1\" \/>\n<link rel=\"canonical\" href=\"https:\/\/operify.pro\/en\/digitalization\/\" \/>\n<meta property=\"og:locale\" content=\"en_US\" \/>\n<meta property=\"og:type\" content=\"article\" \/>\n<meta property=\"og:title\" content=\"Digitalization - Operify\" \/>\n<meta property=\"og:url\" content=\"https:\/\/operify.pro\/en\/digitalization\/\" \/>\n<meta property=\"og:site_name\" content=\"Operify\" \/>\n<meta property=\"article:modified_time\" content=\"2026-02-17T11:34:09+00:00\" \/>\n<meta name=\"twitter:card\" content=\"summary_large_image\" \/>\n<meta name=\"twitter:label1\" content=\"Est. reading time\" \/>\n\t<meta name=\"twitter:data1\" content=\"16 minutes\" \/>\n<script type=\"application\/ld+json\" class=\"yoast-schema-graph\">{\"@context\":\"https:\/\/schema.org\",\"@graph\":[{\"@type\":\"WebPage\",\"@id\":\"https:\/\/operify.pro\/digitalization\/\",\"url\":\"https:\/\/operify.pro\/digitalization\/\",\"name\":\"Digitalization - Operify\",\"isPartOf\":{\"@id\":\"https:\/\/operify.pro\/#website\"},\"datePublished\":\"2026-02-17T09:43:44+00:00\",\"dateModified\":\"2026-02-17T11:34:09+00:00\",\"breadcrumb\":{\"@id\":\"https:\/\/operify.pro\/digitalization\/#breadcrumb\"},\"inLanguage\":\"en-US\",\"potentialAction\":[{\"@type\":\"ReadAction\",\"target\":[\"https:\/\/operify.pro\/digitalization\/\"]}]},{\"@type\":\"BreadcrumbList\",\"@id\":\"https:\/\/operify.pro\/digitalization\/#breadcrumb\",\"itemListElement\":[{\"@type\":\"ListItem\",\"position\":1,\"name\":\"Strona g\u0142\u00f3wna\",\"item\":\"https:\/\/operify.pro\/\"},{\"@type\":\"ListItem\",\"position\":2,\"name\":\"Digitalization\"}]},{\"@type\":\"WebSite\",\"@id\":\"https:\/\/operify.pro\/#website\",\"url\":\"https:\/\/operify.pro\/\",\"name\":\"Operify\",\"description\":\"Usprawniamy procesy, poprawiamy jako\u015b\u0107, zwi\u0119kszamy efektywno\u015b\u0107.\",\"publisher\":{\"@id\":\"https:\/\/operify.pro\/#organization\"},\"potentialAction\":[{\"@type\":\"SearchAction\",\"target\":{\"@type\":\"EntryPoint\",\"urlTemplate\":\"https:\/\/operify.pro\/?s={search_term_string}\"},\"query-input\":{\"@type\":\"PropertyValueSpecification\",\"valueRequired\":true,\"valueName\":\"search_term_string\"}}],\"inLanguage\":\"en-US\"},{\"@type\":\"Organization\",\"@id\":\"https:\/\/operify.pro\/#organization\",\"name\":\"Operify\",\"url\":\"https:\/\/operify.pro\/\",\"logo\":{\"@type\":\"ImageObject\",\"inLanguage\":\"en-US\",\"@id\":\"https:\/\/operify.pro\/#\/schema\/logo\/image\/\",\"url\":\"https:\/\/operify.pro\/wp-content\/uploads\/2024\/11\/Logo-HQ-White-use_on_dark_blue_bckg.png\",\"contentUrl\":\"https:\/\/operify.pro\/wp-content\/uploads\/2024\/11\/Logo-HQ-White-use_on_dark_blue_bckg.png\",\"width\":2610,\"height\":1450,\"caption\":\"Operify\"},\"image\":{\"@id\":\"https:\/\/operify.pro\/#\/schema\/logo\/image\/\"}}]}<\/script>\n<!-- \/ Yoast SEO plugin. -->","yoast_head_json":{"title":"Digitalization - Operify","robots":{"index":"index","follow":"follow","max-snippet":"max-snippet:-1","max-image-preview":"max-image-preview:large","max-video-preview":"max-video-preview:-1"},"canonical":"https:\/\/operify.pro\/en\/digitalization\/","og_locale":"en_US","og_type":"article","og_title":"Digitalization - Operify","og_url":"https:\/\/operify.pro\/en\/digitalization\/","og_site_name":"Operify","article_modified_time":"2026-02-17T11:34:09+00:00","twitter_card":"summary_large_image","twitter_misc":{"Est. reading time":"16 minutes"},"schema":{"@context":"https:\/\/schema.org","@graph":[{"@type":"WebPage","@id":"https:\/\/operify.pro\/digitalization\/","url":"https:\/\/operify.pro\/digitalization\/","name":"Digitalization - Operify","isPartOf":{"@id":"https:\/\/operify.pro\/#website"},"datePublished":"2026-02-17T09:43:44+00:00","dateModified":"2026-02-17T11:34:09+00:00","breadcrumb":{"@id":"https:\/\/operify.pro\/digitalization\/#breadcrumb"},"inLanguage":"en-US","potentialAction":[{"@type":"ReadAction","target":["https:\/\/operify.pro\/digitalization\/"]}]},{"@type":"BreadcrumbList","@id":"https:\/\/operify.pro\/digitalization\/#breadcrumb","itemListElement":[{"@type":"ListItem","position":1,"name":"Strona g\u0142\u00f3wna","item":"https:\/\/operify.pro\/"},{"@type":"ListItem","position":2,"name":"Digitalization"}]},{"@type":"WebSite","@id":"https:\/\/operify.pro\/#website","url":"https:\/\/operify.pro\/","name":"Operify","description":"We streamline processes, improve quality, increase efficiency.","publisher":{"@id":"https:\/\/operify.pro\/#organization"},"potentialAction":[{"@type":"SearchAction","target":{"@type":"EntryPoint","urlTemplate":"https:\/\/operify.pro\/?s={search_term_string}"},"query-input":{"@type":"PropertyValueSpecification","valueRequired":true,"valueName":"search_term_string"}}],"inLanguage":"en-US"},{"@type":"Organization","@id":"https:\/\/operify.pro\/#organization","name":"Operify","url":"https:\/\/operify.pro\/","logo":{"@type":"ImageObject","inLanguage":"en-US","@id":"https:\/\/operify.pro\/#\/schema\/logo\/image\/","url":"https:\/\/operify.pro\/wp-content\/uploads\/2024\/11\/Logo-HQ-White-use_on_dark_blue_bckg.png","contentUrl":"https:\/\/operify.pro\/wp-content\/uploads\/2024\/11\/Logo-HQ-White-use_on_dark_blue_bckg.png","width":2610,"height":1450,"caption":"Operify"},"image":{"@id":"https:\/\/operify.pro\/#\/schema\/logo\/image\/"}}]}},"_links":{"self":[{"href":"https:\/\/operify.pro\/en\/wp-json\/wp\/v2\/pages\/2192","targetHints":{"allow":["GET"]}}],"collection":[{"href":"https:\/\/operify.pro\/en\/wp-json\/wp\/v2\/pages"}],"about":[{"href":"https:\/\/operify.pro\/en\/wp-json\/wp\/v2\/types\/page"}],"author":[{"embeddable":true,"href":"https:\/\/operify.pro\/en\/wp-json\/wp\/v2\/users\/1"}],"replies":[{"embeddable":true,"href":"https:\/\/operify.pro\/en\/wp-json\/wp\/v2\/comments?post=2192"}],"version-history":[{"count":1,"href":"https:\/\/operify.pro\/en\/wp-json\/wp\/v2\/pages\/2192\/revisions"}],"predecessor-version":[{"id":2193,"href":"https:\/\/operify.pro\/en\/wp-json\/wp\/v2\/pages\/2192\/revisions\/2193"}],"wp:attachment":[{"href":"https:\/\/operify.pro\/en\/wp-json\/wp\/v2\/media?parent=2192"}],"curies":[{"name":"wp","href":"https:\/\/api.w.org\/{rel}","templated":true}]}}