{"id":121,"date":"2024-11-15T08:32:26","date_gmt":"2024-11-15T08:32:26","guid":{"rendered":"http:\/\/operify.starlord.pl\/?page_id=121"},"modified":"2025-12-16T08:39:47","modified_gmt":"2025-12-16T08:39:47","slug":"kontakt","status":"publish","type":"page","link":"https:\/\/operify.pro\/en\/kontakt\/","title":{"rendered":"Contact"},"content":{"rendered":"","protected":false},"excerpt":{"rendered":"","protected":false},"author":1,"featured_media":0,"parent":0,"menu_order":0,"comment_status":"closed","ping_status":"closed","template":"kontakt","meta":{"footnotes":""},"class_list":["post-121","page","type-page","status-publish","hentry"],"yoast_head":"<!-- This site is optimized with the Yoast SEO plugin v27.5 - https:\/\/yoast.com\/product\/yoast-seo-wordpress\/ -->\n<title>Kontakt - Operify<\/title>\n<meta name=\"description\" content=\"contact@operify.pro ul. W\u0142adys\u0142awa \u0141okietka 24; 05-230, Koby\u0142ka\" \/>\n<meta name=\"robots\" content=\"index, follow, max-snippet:-1, max-image-preview:large, max-video-preview:-1\" \/>\n<link rel=\"canonical\" href=\"https:\/\/operify.pro\/en\/kontakt\/\" \/>\n<meta property=\"og:locale\" content=\"en_US\" \/>\n<meta property=\"og:type\" content=\"article\" \/>\n<meta property=\"og:title\" content=\"Kontakt - Operify\" \/>\n<meta property=\"og:description\" content=\"contact@operify.pro ul. W\u0142adys\u0142awa \u0141okietka 24; 05-230, Koby\u0142ka\" \/>\n<meta property=\"og:url\" content=\"https:\/\/operify.pro\/en\/kontakt\/\" \/>\n<meta property=\"og:site_name\" content=\"Operify\" \/>\n<meta property=\"article:modified_time\" content=\"2025-12-16T08:39:47+00:00\" \/>\n<meta name=\"twitter:card\" content=\"summary_large_image\" \/>\n<script type=\"application\/ld+json\" class=\"yoast-schema-graph\">{\"@context\":\"https:\\\/\\\/schema.org\",\"@graph\":[{\"@type\":\"WebPage\",\"@id\":\"https:\\\/\\\/operify.pro\\\/kontakt\\\/\",\"url\":\"https:\\\/\\\/operify.pro\\\/kontakt\\\/\",\"name\":\"Kontakt - Operify\",\"isPartOf\":{\"@id\":\"https:\\\/\\\/operify.pro\\\/#website\"},\"datePublished\":\"2024-11-15T08:32:26+00:00\",\"dateModified\":\"2025-12-16T08:39:47+00:00\",\"description\":\"contact@operify.pro ul. W\u0142adys\u0142awa \u0141okietka 24; 05-230, Koby\u0142ka\",\"breadcrumb\":{\"@id\":\"https:\\\/\\\/operify.pro\\\/kontakt\\\/#breadcrumb\"},\"inLanguage\":\"en-US\",\"potentialAction\":[{\"@type\":\"ReadAction\",\"target\":[\"https:\\\/\\\/operify.pro\\\/kontakt\\\/\"]}]},{\"@type\":\"BreadcrumbList\",\"@id\":\"https:\\\/\\\/operify.pro\\\/kontakt\\\/#breadcrumb\",\"itemListElement\":[{\"@type\":\"ListItem\",\"position\":1,\"name\":\"Strona g\u0142\u00f3wna\",\"item\":\"https:\\\/\\\/operify.pro\\\/\"},{\"@type\":\"ListItem\",\"position\":2,\"name\":\"Kontakt\"}]},{\"@type\":\"WebSite\",\"@id\":\"https:\\\/\\\/operify.pro\\\/#website\",\"url\":\"https:\\\/\\\/operify.pro\\\/\",\"name\":\"Operify\",\"description\":\"Usprawniamy procesy, poprawiamy jako\u015b\u0107, zwi\u0119kszamy efektywno\u015b\u0107.\",\"publisher\":{\"@id\":\"https:\\\/\\\/operify.pro\\\/#organization\"},\"potentialAction\":[{\"@type\":\"SearchAction\",\"target\":{\"@type\":\"EntryPoint\",\"urlTemplate\":\"https:\\\/\\\/operify.pro\\\/?s={search_term_string}\"},\"query-input\":{\"@type\":\"PropertyValueSpecification\",\"valueRequired\":true,\"valueName\":\"search_term_string\"}}],\"inLanguage\":\"en-US\"},{\"@type\":\"Organization\",\"@id\":\"https:\\\/\\\/operify.pro\\\/#organization\",\"name\":\"Operify\",\"url\":\"https:\\\/\\\/operify.pro\\\/\",\"logo\":{\"@type\":\"ImageObject\",\"inLanguage\":\"en-US\",\"@id\":\"https:\\\/\\\/operify.pro\\\/#\\\/schema\\\/logo\\\/image\\\/\",\"url\":\"https:\\\/\\\/operify.pro\\\/wp-content\\\/uploads\\\/2024\\\/11\\\/Logo-HQ-White-use_on_dark_blue_bckg.png\",\"contentUrl\":\"https:\\\/\\\/operify.pro\\\/wp-content\\\/uploads\\\/2024\\\/11\\\/Logo-HQ-White-use_on_dark_blue_bckg.png\",\"width\":2610,\"height\":1450,\"caption\":\"Operify\"},\"image\":{\"@id\":\"https:\\\/\\\/operify.pro\\\/#\\\/schema\\\/logo\\\/image\\\/\"}}]}<\/script>\n<!-- \/ Yoast SEO plugin. -->","yoast_head_json":{"title":"Kontakt - Operify","description":"contact@operify.pro ul. W\u0142adys\u0142awa \u0141okietka 24; 05-230, Koby\u0142ka","robots":{"index":"index","follow":"follow","max-snippet":"max-snippet:-1","max-image-preview":"max-image-preview:large","max-video-preview":"max-video-preview:-1"},"canonical":"https:\/\/operify.pro\/en\/kontakt\/","og_locale":"en_US","og_type":"article","og_title":"Kontakt - Operify","og_description":"contact@operify.pro ul. W\u0142adys\u0142awa \u0141okietka 24; 05-230, Koby\u0142ka","og_url":"https:\/\/operify.pro\/en\/kontakt\/","og_site_name":"Operify","article_modified_time":"2025-12-16T08:39:47+00:00","twitter_card":"summary_large_image","schema":{"@context":"https:\/\/schema.org","@graph":[{"@type":"WebPage","@id":"https:\/\/operify.pro\/kontakt\/","url":"https:\/\/operify.pro\/kontakt\/","name":"Kontakt - Operify","isPartOf":{"@id":"https:\/\/operify.pro\/#website"},"datePublished":"2024-11-15T08:32:26+00:00","dateModified":"2025-12-16T08:39:47+00:00","description":"contact@operify.pro ul. W\u0142adys\u0142awa \u0141okietka 24; 05-230, Koby\u0142ka","breadcrumb":{"@id":"https:\/\/operify.pro\/kontakt\/#breadcrumb"},"inLanguage":"en-US","potentialAction":[{"@type":"ReadAction","target":["https:\/\/operify.pro\/kontakt\/"]}]},{"@type":"BreadcrumbList","@id":"https:\/\/operify.pro\/kontakt\/#breadcrumb","itemListElement":[{"@type":"ListItem","position":1,"name":"Strona g\u0142\u00f3wna","item":"https:\/\/operify.pro\/"},{"@type":"ListItem","position":2,"name":"Kontakt"}]},{"@type":"WebSite","@id":"https:\/\/operify.pro\/#website","url":"https:\/\/operify.pro\/","name":"Operify","description":"We streamline processes, improve quality, increase efficiency.","publisher":{"@id":"https:\/\/operify.pro\/#organization"},"potentialAction":[{"@type":"SearchAction","target":{"@type":"EntryPoint","urlTemplate":"https:\/\/operify.pro\/?s={search_term_string}"},"query-input":{"@type":"PropertyValueSpecification","valueRequired":true,"valueName":"search_term_string"}}],"inLanguage":"en-US"},{"@type":"Organization","@id":"https:\/\/operify.pro\/#organization","name":"Operify","url":"https:\/\/operify.pro\/","logo":{"@type":"ImageObject","inLanguage":"en-US","@id":"https:\/\/operify.pro\/#\/schema\/logo\/image\/","url":"https:\/\/operify.pro\/wp-content\/uploads\/2024\/11\/Logo-HQ-White-use_on_dark_blue_bckg.png","contentUrl":"https:\/\/operify.pro\/wp-content\/uploads\/2024\/11\/Logo-HQ-White-use_on_dark_blue_bckg.png","width":2610,"height":1450,"caption":"Operify"},"image":{"@id":"https:\/\/operify.pro\/#\/schema\/logo\/image\/"}}]}},"_links":{"self":[{"href":"https:\/\/operify.pro\/en\/wp-json\/wp\/v2\/pages\/121","targetHints":{"allow":["GET"]}}],"collection":[{"href":"https:\/\/operify.pro\/en\/wp-json\/wp\/v2\/pages"}],"about":[{"href":"https:\/\/operify.pro\/en\/wp-json\/wp\/v2\/types\/page"}],"author":[{"embeddable":true,"href":"https:\/\/operify.pro\/en\/wp-json\/wp\/v2\/users\/1"}],"replies":[{"embeddable":true,"href":"https:\/\/operify.pro\/en\/wp-json\/wp\/v2\/comments?post=121"}],"version-history":[{"count":1,"href":"https:\/\/operify.pro\/en\/wp-json\/wp\/v2\/pages\/121\/revisions"}],"predecessor-version":[{"id":122,"href":"https:\/\/operify.pro\/en\/wp-json\/wp\/v2\/pages\/121\/revisions\/122"}],"wp:attachment":[{"href":"https:\/\/operify.pro\/en\/wp-json\/wp\/v2\/media?parent=121"}],"curies":[{"name":"wp","href":"https:\/\/api.w.org\/{rel}","templated":true}]}}